{"id":68,"date":"2016-11-30T09:37:56","date_gmt":"2016-11-30T09:37:56","guid":{"rendered":"http:\/\/themes.muffingroup.com\/be\/developer2\/?page_id=2"},"modified":"2021-02-09T07:07:54","modified_gmt":"2021-02-09T07:07:54","slug":"rezidence-palackeho","status":"publish","type":"page","link":"https:\/\/rezidencepalackeho.cz\/en\/","title":{"rendered":"Rezidence Palack\u00e9ho"},"content":{"rendered":"","protected":false},"excerpt":{"rendered":"","protected":false},"author":1,"featured_media":120,"parent":0,"menu_order":0,"comment_status":"closed","ping_status":"closed","template":"","meta":{"footnotes":""},"class_list":["post-68","page","type-page","status-publish","has-post-thumbnail","hentry"],"yoast_head":"<!-- This site is optimized with the Yoast SEO plugin v25.5 - https:\/\/yoast.com\/wordpress\/plugins\/seo\/ -->\n<title>Rezidence Palack\u00e9ho - Rezidence Palack\u00e9ho<\/title>\n<meta name=\"description\" content=\"Projekt \u0159e\u0161\u00ed rekonstrukci dvou objekt\u016f, jen\u017e spolu soused\u00ed. Oba objekty jsou podsklepen\u00e9 se \u010dty\u0159mi nadzemn\u00edmi podla\u017e\u00edmi a bezbari\u00e9rov\u011b p\u0159\u00edstupn\u00e9 ze dvorn\u00ed \u010d\u00e1sti. Posledn\u00ed podla\u017e\u00ed je \u0159e\u0161eno jako podkrov\u00ed s kr\u00e1sn\u00fdm v\u00fdhledem na z\u00e1mek a dal\u0161\u00ed pam\u00e1tky Krom\u011b\u0159\u00ed\u017ee.\" \/>\n<meta name=\"robots\" content=\"index, follow, max-snippet:-1, max-image-preview:large, max-video-preview:-1\" \/>\n<link rel=\"canonical\" href=\"https:\/\/rezidencepalackeho.cz\/en\/\" \/>\n<meta property=\"og:locale\" content=\"en_US\" \/>\n<meta property=\"og:type\" content=\"article\" \/>\n<meta property=\"og:title\" content=\"Rezidence Palack\u00e9ho Krom\u011b\u0159\u00ed\u017e\" \/>\n<meta property=\"og:description\" content=\"Projekt \u0159e\u0161\u00ed rekonstrukci dvou objekt\u016f, jen\u017e spolu soused\u00ed. Oba objekty jsou podsklepen\u00e9 se \u010dty\u0159mi nadzemn\u00edmi podla\u017e\u00edmi a bezbari\u00e9rov\u011b p\u0159\u00edstupn\u00e9 ze dvorn\u00ed \u010d\u00e1sti. Posledn\u00ed podla\u017e\u00ed je \u0159e\u0161eno jako podkrov\u00ed s kr\u00e1sn\u00fdm v\u00fdhledem na z\u00e1mek a dal\u0161\u00ed pam\u00e1tky Krom\u011b\u0159\u00ed\u017ee.\" \/>\n<meta property=\"og:url\" content=\"https:\/\/rezidencepalackeho.cz\/en\/\" \/>\n<meta property=\"og:site_name\" content=\"Rezidence Palack\u00e9ho\" \/>\n<meta property=\"article:modified_time\" content=\"2021-02-09T07:07:54+00:00\" \/>\n<meta property=\"og:image\" content=\"https:\/\/rezidencepalackeho.cz\/wp-content\/uploads\/2019\/05\/logo_rezidence_palackeho-1.png\" \/>\n\t<meta property=\"og:image:width\" content=\"368\" \/>\n\t<meta property=\"og:image:height\" content=\"74\" \/>\n\t<meta property=\"og:image:type\" content=\"image\/png\" \/>\n<meta name=\"twitter:card\" content=\"summary_large_image\" \/>\n<script type=\"application\/ld+json\" class=\"yoast-schema-graph\">{\"@context\":\"https:\/\/schema.org\",\"@graph\":[{\"@type\":\"WebPage\",\"@id\":\"https:\/\/rezidencepalackeho.cz\/\",\"url\":\"https:\/\/rezidencepalackeho.cz\/\",\"name\":\"Rezidence Palack\u00e9ho - Rezidence Palack\u00e9ho\",\"isPartOf\":{\"@id\":\"https:\/\/rezidencepalackeho.cz\/#website\"},\"primaryImageOfPage\":{\"@id\":\"https:\/\/rezidencepalackeho.cz\/#primaryimage\"},\"image\":{\"@id\":\"https:\/\/rezidencepalackeho.cz\/#primaryimage\"},\"thumbnailUrl\":\"https:\/\/rezidencepalackeho.cz\/wp-content\/uploads\/2019\/05\/logo_rezidence_palackeho-1.png\",\"datePublished\":\"2016-11-30T09:37:56+00:00\",\"dateModified\":\"2021-02-09T07:07:54+00:00\",\"description\":\"Projekt \u0159e\u0161\u00ed rekonstrukci dvou objekt\u016f, jen\u017e spolu soused\u00ed. Oba objekty jsou podsklepen\u00e9 se \u010dty\u0159mi nadzemn\u00edmi podla\u017e\u00edmi a bezbari\u00e9rov\u011b p\u0159\u00edstupn\u00e9 ze dvorn\u00ed \u010d\u00e1sti. Posledn\u00ed podla\u017e\u00ed je \u0159e\u0161eno jako podkrov\u00ed s kr\u00e1sn\u00fdm v\u00fdhledem na z\u00e1mek a dal\u0161\u00ed pam\u00e1tky Krom\u011b\u0159\u00ed\u017ee.\",\"breadcrumb\":{\"@id\":\"https:\/\/rezidencepalackeho.cz\/#breadcrumb\"},\"inLanguage\":\"en-AU\",\"potentialAction\":[{\"@type\":\"ReadAction\",\"target\":[\"https:\/\/rezidencepalackeho.cz\/\"]}]},{\"@type\":\"ImageObject\",\"inLanguage\":\"en-AU\",\"@id\":\"https:\/\/rezidencepalackeho.cz\/#primaryimage\",\"url\":\"https:\/\/rezidencepalackeho.cz\/wp-content\/uploads\/2019\/05\/logo_rezidence_palackeho-1.png\",\"contentUrl\":\"https:\/\/rezidencepalackeho.cz\/wp-content\/uploads\/2019\/05\/logo_rezidence_palackeho-1.png\",\"width\":368,\"height\":74},{\"@type\":\"BreadcrumbList\",\"@id\":\"https:\/\/rezidencepalackeho.cz\/#breadcrumb\",\"itemListElement\":[{\"@type\":\"ListItem\",\"position\":1,\"name\":\"Home\",\"item\":\"https:\/\/rezidencepalackeho.cz\/\"},{\"@type\":\"ListItem\",\"position\":2,\"name\":\"Rezidence Palack\u00e9ho\"}]},{\"@type\":\"WebSite\",\"@id\":\"https:\/\/rezidencepalackeho.cz\/#website\",\"url\":\"https:\/\/rezidencepalackeho.cz\/\",\"name\":\"Rezidence Palack\u00e9ho Krom\u011b\u0159\u00ed\u017e\",\"description\":\"Modern\u00ed bydlen\u00ed v centru Krom\u011b\u0159\u00ed\u017ee\",\"publisher\":{\"@id\":\"https:\/\/rezidencepalackeho.cz\/#organization\"},\"potentialAction\":[{\"@type\":\"SearchAction\",\"target\":{\"@type\":\"EntryPoint\",\"urlTemplate\":\"https:\/\/rezidencepalackeho.cz\/?s={search_term_string}\"},\"query-input\":{\"@type\":\"PropertyValueSpecification\",\"valueRequired\":true,\"valueName\":\"search_term_string\"}}],\"inLanguage\":\"en-AU\"},{\"@type\":\"Organization\",\"@id\":\"https:\/\/rezidencepalackeho.cz\/#organization\",\"name\":\"Rezidence Palack\u00e9ho Krom\u011b\u0159\u00ed\u017e\",\"url\":\"https:\/\/rezidencepalackeho.cz\/\",\"logo\":{\"@type\":\"ImageObject\",\"inLanguage\":\"en-AU\",\"@id\":\"https:\/\/rezidencepalackeho.cz\/#\/schema\/logo\/image\/\",\"url\":\"https:\/\/rezidencepalackeho.cz\/wp-content\/uploads\/2019\/05\/rezidencepalackeho-1.png\",\"contentUrl\":\"https:\/\/rezidencepalackeho.cz\/wp-content\/uploads\/2019\/05\/rezidencepalackeho-1.png\",\"width\":58,\"height\":74,\"caption\":\"Rezidence Palack\u00e9ho Krom\u011b\u0159\u00ed\u017e\"},\"image\":{\"@id\":\"https:\/\/rezidencepalackeho.cz\/#\/schema\/logo\/image\/\"}}]}<\/script>\n<!-- \/ Yoast SEO plugin. -->","yoast_head_json":{"title":"Rezidence Palack\u00e9ho - Rezidence Palack\u00e9ho","description":"Projekt \u0159e\u0161\u00ed rekonstrukci dvou objekt\u016f, jen\u017e spolu soused\u00ed. Oba objekty jsou podsklepen\u00e9 se \u010dty\u0159mi nadzemn\u00edmi podla\u017e\u00edmi a bezbari\u00e9rov\u011b p\u0159\u00edstupn\u00e9 ze dvorn\u00ed \u010d\u00e1sti. Posledn\u00ed podla\u017e\u00ed je \u0159e\u0161eno jako podkrov\u00ed s kr\u00e1sn\u00fdm v\u00fdhledem na z\u00e1mek a dal\u0161\u00ed pam\u00e1tky Krom\u011b\u0159\u00ed\u017ee.","robots":{"index":"index","follow":"follow","max-snippet":"max-snippet:-1","max-image-preview":"max-image-preview:large","max-video-preview":"max-video-preview:-1"},"canonical":"https:\/\/rezidencepalackeho.cz\/en\/","og_locale":"en_US","og_type":"article","og_title":"Rezidence Palack\u00e9ho Krom\u011b\u0159\u00ed\u017e","og_description":"Projekt \u0159e\u0161\u00ed rekonstrukci dvou objekt\u016f, jen\u017e spolu soused\u00ed. Oba objekty jsou podsklepen\u00e9 se \u010dty\u0159mi nadzemn\u00edmi podla\u017e\u00edmi a bezbari\u00e9rov\u011b p\u0159\u00edstupn\u00e9 ze dvorn\u00ed \u010d\u00e1sti. Posledn\u00ed podla\u017e\u00ed je \u0159e\u0161eno jako podkrov\u00ed s kr\u00e1sn\u00fdm v\u00fdhledem na z\u00e1mek a dal\u0161\u00ed pam\u00e1tky Krom\u011b\u0159\u00ed\u017ee.","og_url":"https:\/\/rezidencepalackeho.cz\/en\/","og_site_name":"Rezidence Palack\u00e9ho","article_modified_time":"2021-02-09T07:07:54+00:00","og_image":[{"width":368,"height":74,"url":"https:\/\/rezidencepalackeho.cz\/wp-content\/uploads\/2019\/05\/logo_rezidence_palackeho-1.png","type":"image\/png"}],"twitter_card":"summary_large_image","schema":{"@context":"https:\/\/schema.org","@graph":[{"@type":"WebPage","@id":"https:\/\/rezidencepalackeho.cz\/","url":"https:\/\/rezidencepalackeho.cz\/","name":"Rezidence Palack\u00e9ho - Rezidence Palack\u00e9ho","isPartOf":{"@id":"https:\/\/rezidencepalackeho.cz\/#website"},"primaryImageOfPage":{"@id":"https:\/\/rezidencepalackeho.cz\/#primaryimage"},"image":{"@id":"https:\/\/rezidencepalackeho.cz\/#primaryimage"},"thumbnailUrl":"https:\/\/rezidencepalackeho.cz\/wp-content\/uploads\/2019\/05\/logo_rezidence_palackeho-1.png","datePublished":"2016-11-30T09:37:56+00:00","dateModified":"2021-02-09T07:07:54+00:00","description":"Projekt \u0159e\u0161\u00ed rekonstrukci dvou objekt\u016f, jen\u017e spolu soused\u00ed. Oba objekty jsou podsklepen\u00e9 se \u010dty\u0159mi nadzemn\u00edmi podla\u017e\u00edmi a bezbari\u00e9rov\u011b p\u0159\u00edstupn\u00e9 ze dvorn\u00ed \u010d\u00e1sti. Posledn\u00ed podla\u017e\u00ed je \u0159e\u0161eno jako podkrov\u00ed s kr\u00e1sn\u00fdm v\u00fdhledem na z\u00e1mek a dal\u0161\u00ed pam\u00e1tky Krom\u011b\u0159\u00ed\u017ee.","breadcrumb":{"@id":"https:\/\/rezidencepalackeho.cz\/#breadcrumb"},"inLanguage":"en-AU","potentialAction":[{"@type":"ReadAction","target":["https:\/\/rezidencepalackeho.cz\/"]}]},{"@type":"ImageObject","inLanguage":"en-AU","@id":"https:\/\/rezidencepalackeho.cz\/#primaryimage","url":"https:\/\/rezidencepalackeho.cz\/wp-content\/uploads\/2019\/05\/logo_rezidence_palackeho-1.png","contentUrl":"https:\/\/rezidencepalackeho.cz\/wp-content\/uploads\/2019\/05\/logo_rezidence_palackeho-1.png","width":368,"height":74},{"@type":"BreadcrumbList","@id":"https:\/\/rezidencepalackeho.cz\/#breadcrumb","itemListElement":[{"@type":"ListItem","position":1,"name":"Home","item":"https:\/\/rezidencepalackeho.cz\/"},{"@type":"ListItem","position":2,"name":"Rezidence Palack\u00e9ho"}]},{"@type":"WebSite","@id":"https:\/\/rezidencepalackeho.cz\/#website","url":"https:\/\/rezidencepalackeho.cz\/","name":"Rezidence Palack\u00e9ho Krom\u011b\u0159\u00ed\u017e","description":"Modern\u00ed bydlen\u00ed v centru Krom\u011b\u0159\u00ed\u017ee","publisher":{"@id":"https:\/\/rezidencepalackeho.cz\/#organization"},"potentialAction":[{"@type":"SearchAction","target":{"@type":"EntryPoint","urlTemplate":"https:\/\/rezidencepalackeho.cz\/?s={search_term_string}"},"query-input":{"@type":"PropertyValueSpecification","valueRequired":true,"valueName":"search_term_string"}}],"inLanguage":"en-AU"},{"@type":"Organization","@id":"https:\/\/rezidencepalackeho.cz\/#organization","name":"Rezidence Palack\u00e9ho Krom\u011b\u0159\u00ed\u017e","url":"https:\/\/rezidencepalackeho.cz\/","logo":{"@type":"ImageObject","inLanguage":"en-AU","@id":"https:\/\/rezidencepalackeho.cz\/#\/schema\/logo\/image\/","url":"https:\/\/rezidencepalackeho.cz\/wp-content\/uploads\/2019\/05\/rezidencepalackeho-1.png","contentUrl":"https:\/\/rezidencepalackeho.cz\/wp-content\/uploads\/2019\/05\/rezidencepalackeho-1.png","width":58,"height":74,"caption":"Rezidence Palack\u00e9ho Krom\u011b\u0159\u00ed\u017e"},"image":{"@id":"https:\/\/rezidencepalackeho.cz\/#\/schema\/logo\/image\/"}}]}},"_links":{"self":[{"href":"https:\/\/rezidencepalackeho.cz\/en\/wp-json\/wp\/v2\/pages\/68","targetHints":{"allow":["GET"]}}],"collection":[{"href":"https:\/\/rezidencepalackeho.cz\/en\/wp-json\/wp\/v2\/pages"}],"about":[{"href":"https:\/\/rezidencepalackeho.cz\/en\/wp-json\/wp\/v2\/types\/page"}],"author":[{"embeddable":true,"href":"https:\/\/rezidencepalackeho.cz\/en\/wp-json\/wp\/v2\/users\/1"}],"replies":[{"embeddable":true,"href":"https:\/\/rezidencepalackeho.cz\/en\/wp-json\/wp\/v2\/comments?post=68"}],"version-history":[{"count":1,"href":"https:\/\/rezidencepalackeho.cz\/en\/wp-json\/wp\/v2\/pages\/68\/revisions"}],"predecessor-version":[{"id":121,"href":"https:\/\/rezidencepalackeho.cz\/en\/wp-json\/wp\/v2\/pages\/68\/revisions\/121"}],"wp:featuredmedia":[{"embeddable":true,"href":"https:\/\/rezidencepalackeho.cz\/en\/wp-json\/wp\/v2\/media\/120"}],"wp:attachment":[{"href":"https:\/\/rezidencepalackeho.cz\/en\/wp-json\/wp\/v2\/media?parent=68"}],"curies":[{"name":"wp","href":"https:\/\/api.w.org\/{rel}","templated":true}]}}