{"id":3,"date":"2019-05-10T15:05:17","date_gmt":"2019-05-10T15:05:17","guid":{"rendered":"https:\/\/rezidencepalackeho.cz\/?page_id=3"},"modified":"2019-05-12T21:09:07","modified_gmt":"2019-05-12T21:09:07","slug":"ochrana-soukromi","status":"publish","type":"page","link":"https:\/\/rezidencepalackeho.cz\/en\/ochrana-soukromi\/","title":{"rendered":"Ochrana soukrom\u00ed"},"content":{"rendered":"<h2 class=\"wp-block-heading\"><strong>Provozovatel webu<\/strong><\/h2>\n\n\n\n<p>Vlastn\u00edkem a provozovatelem t\u011bchto\u00a0webov\u00fdch str\u00e1nek je\u00a0<strong>Fako spol. s r.o.<\/strong><\/p>\n\n\n\n<h2 class=\"wp-block-heading\"><strong>Autorsk\u00e1 pr\u00e1va<\/strong><\/h2>\n\n\n\n<p>Obsah webu je v cel\u00e9m rozsahu chr\u00e1n\u011bn autorsk\u00fdm pr\u00e1vem. Nen\u00ed-li v\u00fdslovn\u011b uvedeno jinak, nen\u00ed mo\u017en\u00e9 obsah p\u0159eb\u00edrat, kop\u00edrovat, reprodukovat ani d\u00e1le \u0161\u00ed\u0159it jin\u00fdmi kan\u00e1ly, s v\u00fdjimkou tisku pro osobn\u00ed pot\u0159ebu a stru\u010dn\u00fdch citac\u00ed \u010di n\u00e1hled\u016f na soci\u00e1ln\u00edch s\u00edt\u00edch s uveden\u00edm zdroje. Souhlas s u\u017eit\u00edm obsahu mus\u00ed b\u00fdt v\u017edy p\u00edsemn\u00fd a lze o n\u011bj po\u017e\u00e1dat.<\/p>\n\n\n\n<h2 class=\"wp-block-heading\"><strong>Prohl\u00e1\u0161en\u00ed o p\u0159\u00edstupnosti<\/strong><\/h2>\n\n\n\n<p>Autor www str\u00e1nek prohla\u0161uje, \u017ee tyto str\u00e1nky se sna\u017e\u00ed o&nbsp;maxim\u00e1ln\u00ed p\u0159\u00edstupnost obsahu i&nbsp;v\u0161ech sv\u00fdch funk\u010dnost\u00ed pro v\u0161echny u\u017eivatele internetu.<\/p>\n\n\n\n<p>Webov\u00e1 prezentace je vytvo\u0159ena HTML 5.0, vizu\u00e1ln\u00ed str\u00e1nka prezentace pak s&nbsp;vyu\u017eit\u00edm CSS 3.<\/p>\n\n\n\n<h2 class=\"wp-block-heading\"><strong>Informace o tv\u016frci webu<\/strong><\/h2>\n\n\n\n<p>Webov\u00e9 str\u00e1nky jsou vytvo\u0159eny na publika\u010dn\u00edm syst\u00e9mu WORDPRESS. Str\u00e1nky vytvo\u0159il a navrhl Mgr. Tom\u00e1\u0161 Valach. Kontaktovat jej m\u016f\u017eete na&nbsp;<a href=\"http:\/\/www.tomasvalach.cz\/\">www.tomasvalach.cz<\/a>&nbsp;nebo na&nbsp;<a href=\"mailto:info@tomasvalach.cz\">info@tomasvalach.cz<\/a>.<\/p>\n\n\n\n<h2 class=\"wp-block-heading\"><strong>Cookies<\/strong><\/h2>\n\n\n\n<p>Tato webov\u00e1 str\u00e1nka pou\u017e\u00edv\u00e1 soubory cookies. K personalizaci obsahu a reklam, poskytov\u00e1n\u00ed funkc\u00ed soci\u00e1ln\u00edch m\u00e9di\u00ed a anal\u00fdze na\u0161\u00ed n\u00e1v\u0161t\u011bvnosti vyu\u017e\u00edv\u00e1me soubory cookie. Cookies jsou mal\u00e9 textov\u00e9 soubory, kter\u00e9 mohou b\u00fdt pou\u017e\u00edv\u00e1ny webov\u00fdmi str\u00e1nkami, aby u\u010dinily u\u017eivatelsk\u00fd z\u00e1\u017eitek v\u00edce efektivn\u00ed.<\/p>\n\n\n\n<p><strong>Funk\u010dn\u00ed:<\/strong>&nbsp;Tyto soubory cookies jsou vy\u017eadov\u00e1ny pro z\u00e1kladn\u00ed fungov\u00e1n\u00ed str\u00e1nek, a proto jsou v\u017edy zapnut\u00e9; pat\u0159\u00ed k&nbsp;nim cookies, kter\u00e9 umo\u017e\u0148uj\u00ed si V\u00e1s p\u0159i proch\u00e1zen\u00ed na\u0161ich Webov\u00fdch str\u00e1nek zapamatovat ji\u017e b\u011bhem jedin\u00e9 n\u00e1v\u0161t\u011bvy, nebo \u2013 p\u0159ejete-li si to \u2013 p\u0159i ka\u017ed\u00e9 n\u00e1v\u0161t\u011bv\u011b.<\/p>\n\n\n\n<p><strong>Zlep\u0161uj\u00edc\u00ed fungov\u00e1n\u00ed:<\/strong>&nbsp;Tyto soubory cookies n\u00e1m umo\u017e\u0148uj\u00ed zlep\u0161ovat funkcionalitu na\u0161ich Webov\u00fdch str\u00e1nek t\u00edm, \u017ee sledujeme jejich pou\u017e\u00edv\u00e1n\u00ed.&nbsp; V&nbsp;n\u011bkter\u00fdch p\u0159\u00edpadech tyto cookies zlep\u0161uj\u00ed rychlost odezvy na Va\u0161e po\u017eadavky a umo\u017e\u0148uj\u00ed n\u00e1m zapamatovat si Va\u0161e volby vybran\u00e9 pro dan\u00e9 str\u00e1nky.&nbsp; Pokud tyto cookies odm\u00edtnete, m\u016f\u017ee to v\u00e9st k&nbsp;tomu, \u017ee doporu\u010den\u00ed nebudou p\u0159esn\u00e1 a chod str\u00e1nek se zpomal\u00ed.<\/p>\n\n\n\n<p><strong>Soci\u00e1ln\u00ed m\u00e9dia a reklama:<\/strong>&nbsp;Cookies pro soci\u00e1ln\u00ed m\u00e9dia nab\u00edzej\u00ed mo\u017enost propojit V\u00e1s se soci\u00e1ln\u00edmi s\u00edt\u011bmi a sd\u00edlet na nich obsah z&nbsp;na\u0161ich Webov\u00fdch str\u00e1nek.&nbsp; Cookies pro reklamu (cookies t\u0159et\u00edch stran) shroma\u017e\u010fuj\u00ed informace napom\u00e1haj\u00edc\u00ed l\u00e9pe p\u0159izp\u016fsobovat reklamu Va\u0161im z\u00e1jm\u016fm, a to na na\u0161ich Webov\u00fdch str\u00e1nk\u00e1ch i mimo n\u011b.&nbsp; V&nbsp;n\u011bkter\u00fdch p\u0159\u00edpadech je sou\u010d\u00e1st\u00ed t\u011bchto cookies i zpracov\u00e1n\u00ed Va\u0161ich osobn\u00edch \u00fadaj\u016f.&nbsp; Odm\u00edtnut\u00ed t\u011bchto cookies m\u016f\u017ee m\u00edt za n\u00e1sledek zobrazen\u00ed reklamy, kter\u00e1 pro V\u00e1s nebude tolik relevantn\u00ed, nebo nemo\u017enost \u00fa\u010dinn\u011b se propojit s&nbsp;\u00fa\u010dty na Facebooku, Twitteru \u010di jin\u00fdch soci\u00e1ln\u00edch s\u00edt\u00edch, a\/nebo neumo\u017en\u011bn\u00ed, abyste na soci\u00e1ln\u00edch m\u00e9di\u00edch sd\u00edleli obsah.<\/p>\n\n\n\n<p>P\u0159ij\u00edm\u00e1n\u00ed a uchov\u00e1v\u00e1n\u00ed cookies je mo\u017en\u00e9 v ka\u017ed\u00e9m prohl\u00ed\u017ee\u010di zak\u00e1zat, postup jak uvedenou zm\u011bnu prov\u00e9st, naleznete na n\u00ed\u017ee uveden\u00fdch odkazech.<\/p>\n\n\n\n<ul class=\"wp-block-list\"><li><a href=\"https:\/\/support.google.com\/accounts\/answer\/61416?hl=cs\">Google Chrome<\/a><\/li><li><a href=\"https:\/\/support.mozilla.org\/cs\/kb\/vymazani-cookies\">Firefox<\/a><\/li><li><a href=\"http:\/\/help.opera.com\/Windows\/9.64\/cs\/cookies.html\">Opera<\/a><\/li><li><a href=\"https:\/\/support.microsoft.com\/cs-cz\/help\/17442\/windows-internet-explorer-delete-manage-cookies\">Internet Explorer<\/a><\/li><\/ul>\n\n\n\n<h2 class=\"wp-block-heading\"><strong>Ochrana dat<\/strong><\/h2>\n\n\n\n<p>P\u0159\u00edstup na str\u00e1nky&nbsp;m\u016f\u017ee b\u00fdt ze strany Provozovatele podm\u00edn\u011bn poskytnut\u00edm n\u011bkter\u00fdch osobn\u00edch \u00fadaj\u016f U\u017eivatele ve smyslu z\u00e1k. \u010d. 101\/2000 Sb., o ochran\u011b osobn\u00edch \u00fadaj\u016f a p\u0159\u00edpadn\u011b i pr\u00e1vn\u00edch p\u0159edpis\u016f, v platn\u00e9m zn\u011bn\u00ed. V takov\u00e9m p\u0159\u00edpad\u011b bude Provozovatel s t\u011bmito \u00fadaji nakl\u00e1dat v souladu s platn\u00fdmi pr\u00e1vn\u00edmi p\u0159edpisy. Poskytnut\u00edm t\u011bchto \u00fadaj\u016f vyslovuje U\u017eivatel souhlas se zpracov\u00e1n\u00ed osobn\u00edch \u00fadaj\u016f Provozovatelem.<\/p>\n\n\n\n<h2 class=\"wp-block-heading\"><strong>K\u00f3dy t\u0159et\u00edch stran<\/strong><\/h2>\n\n\n\n<p>Provozovatel spolupracuje se spole\u010dnostmi, kter\u00e9 mu poskytuj\u00ed r\u016fzn\u00e9 slu\u017eby. Tyto spole\u010dnosti, pokud jsou k&nbsp;tomu opr\u00e1vn\u011bn\u00e9, mohou nakl\u00e1dat s&nbsp;osobn\u00edmi \u00fadaji u\u017eivatele, p\u0159i\u010dem\u017e s&nbsp;t\u011bmito informacemi pracuj\u00ed pouze p\u0159i pln\u011bn\u00ed sv\u00fdch povinnost\u00ed a&nbsp;nesm\u00ed je pou\u017e\u00edt k&nbsp;jin\u00e9mu \u00fa\u010delu. Provozovatel neprod\u00e1v\u00e1, nep\u0159ev\u00e1d\u00ed a&nbsp;nesd\u011bluje osobn\u00ed \u00fadaje t\u0159et\u00edm stran\u00e1m, pokud to nen\u00ed t\u0159eba k&nbsp;napln\u011bn\u00ed pr\u00e1vn\u00edch p\u0159edpis\u016f.<\/p>\n\n\n\n<p>Pokud si u\u017eivatel p\u0159eje opravit nebo smazat osobn\u00ed data, kter\u00e9 o&nbsp;n\u011bm provozovatel m\u00e1, m\u016f\u017ee jej o&nbsp;to po\u017e\u00e1dat prost\u0159ednictv\u00edm kontaktn\u00edch \u00fadaj\u016f uveden\u00fdch na&nbsp;t\u011bchto str\u00e1nk\u00e1ch.<br><\/p>","protected":false},"excerpt":{"rendered":"<p>Provozovatel webu Vlastn\u00edkem a provozovatelem t\u011bchto\u00a0webov\u00fdch str\u00e1nek je\u00a0Fako spol. s r.o. Autorsk\u00e1 pr\u00e1va Obsah webu je v cel\u00e9m rozsahu chr\u00e1n\u011bn autorsk\u00fdm pr\u00e1vem. Nen\u00ed-li v\u00fdslovn\u011b uvedeno jinak,<span class=\"excerpt-hellip\"> [\u2026]<\/span><\/p>","protected":false},"author":1,"featured_media":0,"parent":0,"menu_order":0,"comment_status":"closed","ping_status":"open","template":"","meta":{"footnotes":""},"class_list":["post-3","page","type-page","status-publish","hentry"],"yoast_head":"<!-- This site is optimized with the Yoast SEO plugin v25.5 - https:\/\/yoast.com\/wordpress\/plugins\/seo\/ -->\n<title>Ochrana soukrom\u00ed - Rezidence Palack\u00e9ho<\/title>\n<meta name=\"robots\" content=\"index, follow, max-snippet:-1, max-image-preview:large, max-video-preview:-1\" \/>\n<link rel=\"canonical\" href=\"https:\/\/rezidencepalackeho.cz\/en\/ochrana-soukromi\/\" \/>\n<meta property=\"og:locale\" content=\"en_US\" \/>\n<meta property=\"og:type\" content=\"article\" \/>\n<meta property=\"og:title\" content=\"Ochrana soukrom\u00ed - Rezidence Palack\u00e9ho\" \/>\n<meta property=\"og:description\" content=\"Provozovatel webu Vlastn\u00edkem a provozovatelem t\u011bchto\u00a0webov\u00fdch str\u00e1nek je\u00a0Fako spol. s r.o. Autorsk\u00e1 pr\u00e1va Obsah webu je v cel\u00e9m rozsahu chr\u00e1n\u011bn autorsk\u00fdm pr\u00e1vem. Nen\u00ed-li v\u00fdslovn\u011b uvedeno jinak, [\u2026]\" \/>\n<meta property=\"og:url\" content=\"https:\/\/rezidencepalackeho.cz\/en\/ochrana-soukromi\/\" \/>\n<meta property=\"og:site_name\" content=\"Rezidence Palack\u00e9ho\" \/>\n<meta property=\"article:modified_time\" content=\"2019-05-12T21:09:07+00:00\" \/>\n<meta name=\"twitter:card\" content=\"summary_large_image\" \/>\n<meta name=\"twitter:label1\" content=\"Est. reading time\" \/>\n\t<meta name=\"twitter:data1\" content=\"4 minutes\" \/>\n<script type=\"application\/ld+json\" class=\"yoast-schema-graph\">{\"@context\":\"https:\/\/schema.org\",\"@graph\":[{\"@type\":\"WebPage\",\"@id\":\"https:\/\/rezidencepalackeho.cz\/ochrana-soukromi\/\",\"url\":\"https:\/\/rezidencepalackeho.cz\/ochrana-soukromi\/\",\"name\":\"Ochrana soukrom\u00ed - Rezidence Palack\u00e9ho\",\"isPartOf\":{\"@id\":\"https:\/\/rezidencepalackeho.cz\/#website\"},\"datePublished\":\"2019-05-10T15:05:17+00:00\",\"dateModified\":\"2019-05-12T21:09:07+00:00\",\"breadcrumb\":{\"@id\":\"https:\/\/rezidencepalackeho.cz\/ochrana-soukromi\/#breadcrumb\"},\"inLanguage\":\"en-AU\",\"potentialAction\":[{\"@type\":\"ReadAction\",\"target\":[\"https:\/\/rezidencepalackeho.cz\/ochrana-soukromi\/\"]}]},{\"@type\":\"BreadcrumbList\",\"@id\":\"https:\/\/rezidencepalackeho.cz\/ochrana-soukromi\/#breadcrumb\",\"itemListElement\":[{\"@type\":\"ListItem\",\"position\":1,\"name\":\"Home\",\"item\":\"https:\/\/rezidencepalackeho.cz\/\"},{\"@type\":\"ListItem\",\"position\":2,\"name\":\"Ochrana soukrom\u00ed\"}]},{\"@type\":\"WebSite\",\"@id\":\"https:\/\/rezidencepalackeho.cz\/#website\",\"url\":\"https:\/\/rezidencepalackeho.cz\/\",\"name\":\"Rezidence Palack\u00e9ho Krom\u011b\u0159\u00ed\u017e\",\"description\":\"Modern\u00ed bydlen\u00ed v centru Krom\u011b\u0159\u00ed\u017ee\",\"publisher\":{\"@id\":\"https:\/\/rezidencepalackeho.cz\/#organization\"},\"potentialAction\":[{\"@type\":\"SearchAction\",\"target\":{\"@type\":\"EntryPoint\",\"urlTemplate\":\"https:\/\/rezidencepalackeho.cz\/?s={search_term_string}\"},\"query-input\":{\"@type\":\"PropertyValueSpecification\",\"valueRequired\":true,\"valueName\":\"search_term_string\"}}],\"inLanguage\":\"en-AU\"},{\"@type\":\"Organization\",\"@id\":\"https:\/\/rezidencepalackeho.cz\/#organization\",\"name\":\"Rezidence Palack\u00e9ho Krom\u011b\u0159\u00ed\u017e\",\"url\":\"https:\/\/rezidencepalackeho.cz\/\",\"logo\":{\"@type\":\"ImageObject\",\"inLanguage\":\"en-AU\",\"@id\":\"https:\/\/rezidencepalackeho.cz\/#\/schema\/logo\/image\/\",\"url\":\"https:\/\/rezidencepalackeho.cz\/wp-content\/uploads\/2019\/05\/rezidencepalackeho-1.png\",\"contentUrl\":\"https:\/\/rezidencepalackeho.cz\/wp-content\/uploads\/2019\/05\/rezidencepalackeho-1.png\",\"width\":58,\"height\":74,\"caption\":\"Rezidence Palack\u00e9ho Krom\u011b\u0159\u00ed\u017e\"},\"image\":{\"@id\":\"https:\/\/rezidencepalackeho.cz\/#\/schema\/logo\/image\/\"}}]}<\/script>\n<!-- \/ Yoast SEO plugin. -->","yoast_head_json":{"title":"Ochrana soukrom\u00ed - Rezidence Palack\u00e9ho","robots":{"index":"index","follow":"follow","max-snippet":"max-snippet:-1","max-image-preview":"max-image-preview:large","max-video-preview":"max-video-preview:-1"},"canonical":"https:\/\/rezidencepalackeho.cz\/en\/ochrana-soukromi\/","og_locale":"en_US","og_type":"article","og_title":"Ochrana soukrom\u00ed - Rezidence Palack\u00e9ho","og_description":"Provozovatel webu Vlastn\u00edkem a provozovatelem t\u011bchto\u00a0webov\u00fdch str\u00e1nek je\u00a0Fako spol. s r.o. Autorsk\u00e1 pr\u00e1va Obsah webu je v cel\u00e9m rozsahu chr\u00e1n\u011bn autorsk\u00fdm pr\u00e1vem. Nen\u00ed-li v\u00fdslovn\u011b uvedeno jinak, [\u2026]","og_url":"https:\/\/rezidencepalackeho.cz\/en\/ochrana-soukromi\/","og_site_name":"Rezidence Palack\u00e9ho","article_modified_time":"2019-05-12T21:09:07+00:00","twitter_card":"summary_large_image","twitter_misc":{"Est. reading time":"4 minutes"},"schema":{"@context":"https:\/\/schema.org","@graph":[{"@type":"WebPage","@id":"https:\/\/rezidencepalackeho.cz\/ochrana-soukromi\/","url":"https:\/\/rezidencepalackeho.cz\/ochrana-soukromi\/","name":"Ochrana soukrom\u00ed - Rezidence Palack\u00e9ho","isPartOf":{"@id":"https:\/\/rezidencepalackeho.cz\/#website"},"datePublished":"2019-05-10T15:05:17+00:00","dateModified":"2019-05-12T21:09:07+00:00","breadcrumb":{"@id":"https:\/\/rezidencepalackeho.cz\/ochrana-soukromi\/#breadcrumb"},"inLanguage":"en-AU","potentialAction":[{"@type":"ReadAction","target":["https:\/\/rezidencepalackeho.cz\/ochrana-soukromi\/"]}]},{"@type":"BreadcrumbList","@id":"https:\/\/rezidencepalackeho.cz\/ochrana-soukromi\/#breadcrumb","itemListElement":[{"@type":"ListItem","position":1,"name":"Home","item":"https:\/\/rezidencepalackeho.cz\/"},{"@type":"ListItem","position":2,"name":"Ochrana soukrom\u00ed"}]},{"@type":"WebSite","@id":"https:\/\/rezidencepalackeho.cz\/#website","url":"https:\/\/rezidencepalackeho.cz\/","name":"Rezidence Palack\u00e9ho Krom\u011b\u0159\u00ed\u017e","description":"Modern\u00ed bydlen\u00ed v centru Krom\u011b\u0159\u00ed\u017ee","publisher":{"@id":"https:\/\/rezidencepalackeho.cz\/#organization"},"potentialAction":[{"@type":"SearchAction","target":{"@type":"EntryPoint","urlTemplate":"https:\/\/rezidencepalackeho.cz\/?s={search_term_string}"},"query-input":{"@type":"PropertyValueSpecification","valueRequired":true,"valueName":"search_term_string"}}],"inLanguage":"en-AU"},{"@type":"Organization","@id":"https:\/\/rezidencepalackeho.cz\/#organization","name":"Rezidence Palack\u00e9ho Krom\u011b\u0159\u00ed\u017e","url":"https:\/\/rezidencepalackeho.cz\/","logo":{"@type":"ImageObject","inLanguage":"en-AU","@id":"https:\/\/rezidencepalackeho.cz\/#\/schema\/logo\/image\/","url":"https:\/\/rezidencepalackeho.cz\/wp-content\/uploads\/2019\/05\/rezidencepalackeho-1.png","contentUrl":"https:\/\/rezidencepalackeho.cz\/wp-content\/uploads\/2019\/05\/rezidencepalackeho-1.png","width":58,"height":74,"caption":"Rezidence Palack\u00e9ho Krom\u011b\u0159\u00ed\u017e"},"image":{"@id":"https:\/\/rezidencepalackeho.cz\/#\/schema\/logo\/image\/"}}]}},"_links":{"self":[{"href":"https:\/\/rezidencepalackeho.cz\/en\/wp-json\/wp\/v2\/pages\/3","targetHints":{"allow":["GET"]}}],"collection":[{"href":"https:\/\/rezidencepalackeho.cz\/en\/wp-json\/wp\/v2\/pages"}],"about":[{"href":"https:\/\/rezidencepalackeho.cz\/en\/wp-json\/wp\/v2\/types\/page"}],"author":[{"embeddable":true,"href":"https:\/\/rezidencepalackeho.cz\/en\/wp-json\/wp\/v2\/users\/1"}],"replies":[{"embeddable":true,"href":"https:\/\/rezidencepalackeho.cz\/en\/wp-json\/wp\/v2\/comments?post=3"}],"version-history":[{"count":4,"href":"https:\/\/rezidencepalackeho.cz\/en\/wp-json\/wp\/v2\/pages\/3\/revisions"}],"predecessor-version":[{"id":205,"href":"https:\/\/rezidencepalackeho.cz\/en\/wp-json\/wp\/v2\/pages\/3\/revisions\/205"}],"wp:attachment":[{"href":"https:\/\/rezidencepalackeho.cz\/en\/wp-json\/wp\/v2\/media?parent=3"}],"curies":[{"name":"wp","href":"https:\/\/api.w.org\/{rel}","templated":true}]}}