{"id":10,"date":"2016-11-30T11:23:18","date_gmt":"2016-11-30T11:23:18","guid":{"rendered":"http:\/\/themes.muffingroup.com\/be\/developer2\/?page_id=10"},"modified":"2020-09-24T21:50:21","modified_gmt":"2020-09-24T21:50:21","slug":"lokalita","status":"publish","type":"page","link":"https:\/\/rezidencepalackeho.cz\/en\/lokalita\/","title":{"rendered":"Lokalita"},"content":{"rendered":"","protected":false},"excerpt":{"rendered":"","protected":false},"author":1,"featured_media":0,"parent":0,"menu_order":0,"comment_status":"closed","ping_status":"closed","template":"","meta":{"footnotes":""},"class_list":["post-10","page","type-page","status-publish","hentry"],"yoast_head":"<!-- This site is optimized with the Yoast SEO plugin v25.5 - https:\/\/yoast.com\/wordpress\/plugins\/seo\/ -->\n<title>Lokalita - Rezidence Palack\u00e9ho<\/title>\n<meta name=\"robots\" content=\"index, follow, max-snippet:-1, max-image-preview:large, max-video-preview:-1\" \/>\n<link rel=\"canonical\" href=\"https:\/\/rezidencepalackeho.cz\/en\/lokalita\/\" \/>\n<meta property=\"og:locale\" content=\"en_US\" \/>\n<meta property=\"og:type\" content=\"article\" \/>\n<meta property=\"og:title\" content=\"Lokalita - Rezidence Palack\u00e9ho\" \/>\n<meta property=\"og:url\" content=\"https:\/\/rezidencepalackeho.cz\/en\/lokalita\/\" \/>\n<meta property=\"og:site_name\" content=\"Rezidence Palack\u00e9ho\" \/>\n<meta property=\"article:modified_time\" content=\"2020-09-24T21:50:21+00:00\" \/>\n<meta name=\"twitter:card\" content=\"summary_large_image\" \/>\n<script type=\"application\/ld+json\" class=\"yoast-schema-graph\">{\"@context\":\"https:\/\/schema.org\",\"@graph\":[{\"@type\":\"WebPage\",\"@id\":\"https:\/\/rezidencepalackeho.cz\/lokalita\/\",\"url\":\"https:\/\/rezidencepalackeho.cz\/lokalita\/\",\"name\":\"Lokalita - Rezidence Palack\u00e9ho\",\"isPartOf\":{\"@id\":\"https:\/\/rezidencepalackeho.cz\/#website\"},\"datePublished\":\"2016-11-30T11:23:18+00:00\",\"dateModified\":\"2020-09-24T21:50:21+00:00\",\"breadcrumb\":{\"@id\":\"https:\/\/rezidencepalackeho.cz\/lokalita\/#breadcrumb\"},\"inLanguage\":\"en-AU\",\"potentialAction\":[{\"@type\":\"ReadAction\",\"target\":[\"https:\/\/rezidencepalackeho.cz\/lokalita\/\"]}]},{\"@type\":\"BreadcrumbList\",\"@id\":\"https:\/\/rezidencepalackeho.cz\/lokalita\/#breadcrumb\",\"itemListElement\":[{\"@type\":\"ListItem\",\"position\":1,\"name\":\"Home\",\"item\":\"https:\/\/rezidencepalackeho.cz\/\"},{\"@type\":\"ListItem\",\"position\":2,\"name\":\"Lokalita\"}]},{\"@type\":\"WebSite\",\"@id\":\"https:\/\/rezidencepalackeho.cz\/#website\",\"url\":\"https:\/\/rezidencepalackeho.cz\/\",\"name\":\"Rezidence Palack\u00e9ho Krom\u011b\u0159\u00ed\u017e\",\"description\":\"Modern\u00ed bydlen\u00ed v centru Krom\u011b\u0159\u00ed\u017ee\",\"publisher\":{\"@id\":\"https:\/\/rezidencepalackeho.cz\/#organization\"},\"potentialAction\":[{\"@type\":\"SearchAction\",\"target\":{\"@type\":\"EntryPoint\",\"urlTemplate\":\"https:\/\/rezidencepalackeho.cz\/?s={search_term_string}\"},\"query-input\":{\"@type\":\"PropertyValueSpecification\",\"valueRequired\":true,\"valueName\":\"search_term_string\"}}],\"inLanguage\":\"en-AU\"},{\"@type\":\"Organization\",\"@id\":\"https:\/\/rezidencepalackeho.cz\/#organization\",\"name\":\"Rezidence Palack\u00e9ho Krom\u011b\u0159\u00ed\u017e\",\"url\":\"https:\/\/rezidencepalackeho.cz\/\",\"logo\":{\"@type\":\"ImageObject\",\"inLanguage\":\"en-AU\",\"@id\":\"https:\/\/rezidencepalackeho.cz\/#\/schema\/logo\/image\/\",\"url\":\"https:\/\/rezidencepalackeho.cz\/wp-content\/uploads\/2019\/05\/rezidencepalackeho-1.png\",\"contentUrl\":\"https:\/\/rezidencepalackeho.cz\/wp-content\/uploads\/2019\/05\/rezidencepalackeho-1.png\",\"width\":58,\"height\":74,\"caption\":\"Rezidence Palack\u00e9ho Krom\u011b\u0159\u00ed\u017e\"},\"image\":{\"@id\":\"https:\/\/rezidencepalackeho.cz\/#\/schema\/logo\/image\/\"}}]}<\/script>\n<!-- \/ Yoast SEO plugin. -->","yoast_head_json":{"title":"Lokalita - Rezidence Palack\u00e9ho","robots":{"index":"index","follow":"follow","max-snippet":"max-snippet:-1","max-image-preview":"max-image-preview:large","max-video-preview":"max-video-preview:-1"},"canonical":"https:\/\/rezidencepalackeho.cz\/en\/lokalita\/","og_locale":"en_US","og_type":"article","og_title":"Lokalita - Rezidence Palack\u00e9ho","og_url":"https:\/\/rezidencepalackeho.cz\/en\/lokalita\/","og_site_name":"Rezidence Palack\u00e9ho","article_modified_time":"2020-09-24T21:50:21+00:00","twitter_card":"summary_large_image","schema":{"@context":"https:\/\/schema.org","@graph":[{"@type":"WebPage","@id":"https:\/\/rezidencepalackeho.cz\/lokalita\/","url":"https:\/\/rezidencepalackeho.cz\/lokalita\/","name":"Lokalita - Rezidence Palack\u00e9ho","isPartOf":{"@id":"https:\/\/rezidencepalackeho.cz\/#website"},"datePublished":"2016-11-30T11:23:18+00:00","dateModified":"2020-09-24T21:50:21+00:00","breadcrumb":{"@id":"https:\/\/rezidencepalackeho.cz\/lokalita\/#breadcrumb"},"inLanguage":"en-AU","potentialAction":[{"@type":"ReadAction","target":["https:\/\/rezidencepalackeho.cz\/lokalita\/"]}]},{"@type":"BreadcrumbList","@id":"https:\/\/rezidencepalackeho.cz\/lokalita\/#breadcrumb","itemListElement":[{"@type":"ListItem","position":1,"name":"Home","item":"https:\/\/rezidencepalackeho.cz\/"},{"@type":"ListItem","position":2,"name":"Lokalita"}]},{"@type":"WebSite","@id":"https:\/\/rezidencepalackeho.cz\/#website","url":"https:\/\/rezidencepalackeho.cz\/","name":"Rezidence Palack\u00e9ho Krom\u011b\u0159\u00ed\u017e","description":"Modern\u00ed bydlen\u00ed v centru Krom\u011b\u0159\u00ed\u017ee","publisher":{"@id":"https:\/\/rezidencepalackeho.cz\/#organization"},"potentialAction":[{"@type":"SearchAction","target":{"@type":"EntryPoint","urlTemplate":"https:\/\/rezidencepalackeho.cz\/?s={search_term_string}"},"query-input":{"@type":"PropertyValueSpecification","valueRequired":true,"valueName":"search_term_string"}}],"inLanguage":"en-AU"},{"@type":"Organization","@id":"https:\/\/rezidencepalackeho.cz\/#organization","name":"Rezidence Palack\u00e9ho Krom\u011b\u0159\u00ed\u017e","url":"https:\/\/rezidencepalackeho.cz\/","logo":{"@type":"ImageObject","inLanguage":"en-AU","@id":"https:\/\/rezidencepalackeho.cz\/#\/schema\/logo\/image\/","url":"https:\/\/rezidencepalackeho.cz\/wp-content\/uploads\/2019\/05\/rezidencepalackeho-1.png","contentUrl":"https:\/\/rezidencepalackeho.cz\/wp-content\/uploads\/2019\/05\/rezidencepalackeho-1.png","width":58,"height":74,"caption":"Rezidence Palack\u00e9ho Krom\u011b\u0159\u00ed\u017e"},"image":{"@id":"https:\/\/rezidencepalackeho.cz\/#\/schema\/logo\/image\/"}}]}},"_links":{"self":[{"href":"https:\/\/rezidencepalackeho.cz\/en\/wp-json\/wp\/v2\/pages\/10","targetHints":{"allow":["GET"]}}],"collection":[{"href":"https:\/\/rezidencepalackeho.cz\/en\/wp-json\/wp\/v2\/pages"}],"about":[{"href":"https:\/\/rezidencepalackeho.cz\/en\/wp-json\/wp\/v2\/types\/page"}],"author":[{"embeddable":true,"href":"https:\/\/rezidencepalackeho.cz\/en\/wp-json\/wp\/v2\/users\/1"}],"replies":[{"embeddable":true,"href":"https:\/\/rezidencepalackeho.cz\/en\/wp-json\/wp\/v2\/comments?post=10"}],"version-history":[{"count":2,"href":"https:\/\/rezidencepalackeho.cz\/en\/wp-json\/wp\/v2\/pages\/10\/revisions"}],"predecessor-version":[{"id":157,"href":"https:\/\/rezidencepalackeho.cz\/en\/wp-json\/wp\/v2\/pages\/10\/revisions\/157"}],"wp:attachment":[{"href":"https:\/\/rezidencepalackeho.cz\/en\/wp-json\/wp\/v2\/media?parent=10"}],"curies":[{"name":"wp","href":"https:\/\/api.w.org\/{rel}","templated":true}]}}